{"id":594,"date":"2021-06-25T06:07:48","date_gmt":"2021-06-25T06:07:48","guid":{"rendered":"https:\/\/bridge441.qodeinteractive.com\/?page_id=594"},"modified":"2022-11-14T09:35:23","modified_gmt":"2022-11-14T09:35:23","slug":"contact","status":"publish","type":"page","link":"https:\/\/cherrypicklogistics.com\/Web\/WP2022\/contact\/","title":{"rendered":"Contact Us"},"content":{"rendered":"\t\t<div data-elementor-type=\"wp-page\" data-elementor-id=\"594\" class=\"elementor elementor-594\" data-elementor-post-type=\"page\">\n\t\t\t\t\t\t<section class=\"elementor-section elementor-top-section elementor-element elementor-element-8feefeb elementor-section-full_width elementor-section-height-default elementor-section-height-default parallax_section_no qode_elementor_container_no\" data-id=\"8feefeb\" data-element_type=\"section\" data-e-type=\"section\">\n\t\t\t\t\t\t<div class=\"elementor-container elementor-column-gap-default\">\n\t\t\t\t\t<div class=\"elementor-column elementor-col-100 elementor-top-column elementor-element elementor-element-5277a09\" data-id=\"5277a09\" data-element_type=\"column\" data-e-type=\"column\">\n\t\t\t<div class=\"elementor-widget-wrap elementor-element-populated\">\n\t\t\t\t\t\t<div class=\"elementor-element elementor-element-beaa92c elementor-widget elementor-widget-google_maps\" data-id=\"beaa92c\" data-element_type=\"widget\" data-e-type=\"widget\" data-widget_type=\"google_maps.default\">\n\t\t\t\t<div class=\"elementor-widget-container\">\n\t\t\t\t\t\t\t<div class=\"elementor-custom-embed\">\n\t\t\t<iframe loading=\"lazy\"\n\t\t\t\t\tsrc=\"https:\/\/maps.google.com\/maps?q=Cherrypick%20Logistics%2C%20Cam%C3%AD%20de%20Cal%20Font&#038;t=m&#038;z=14&#038;output=embed&#038;iwloc=near\"\n\t\t\t\t\ttitle=\"Cherrypick Logistics, Cam\u00ed de Cal Font\"\n\t\t\t\t\taria-label=\"Cherrypick Logistics, Cam\u00ed de Cal Font\"\n\t\t\t><\/iframe>\n\t\t<\/div>\n\t\t\t\t\t\t<\/div>\n\t\t\t\t<\/div>\n\t\t\t\t\t<\/div>\n\t\t<\/div>\n\t\t\t\t\t<\/div>\n\t\t<\/section>\n\t\t\t\t<section class=\"elementor-section elementor-top-section elementor-element elementor-element-39b1f39 elementor-section-full_width qode_elementor_container_inner elementor-section-height-default elementor-section-height-default parallax_section_no\" data-id=\"39b1f39\" data-element_type=\"section\" data-e-type=\"section\" data-settings=\"{&quot;background_background&quot;:&quot;classic&quot;}\">\n\t\t\t\t\t\t<div class=\"elementor-container elementor-column-gap-default\">\n\t\t\t\t\t<div class=\"elementor-column elementor-col-50 elementor-top-column elementor-element elementor-element-e7e8940\" data-id=\"e7e8940\" data-element_type=\"column\" data-e-type=\"column\">\n\t\t\t<div class=\"elementor-widget-wrap elementor-element-populated\">\n\t\t\t\t\t\t<div class=\"elementor-element elementor-element-490e876 elementor-widget elementor-widget-image\" data-id=\"490e876\" data-element_type=\"widget\" data-e-type=\"widget\" data-widget_type=\"image.default\">\n\t\t\t\t<div class=\"elementor-widget-container\">\n\t\t\t\t\t\t\t\t\t\t\t\t\t\t\t<img fetchpriority=\"high\" decoding=\"async\" width=\"1024\" height=\"576\" src=\"https:\/\/cherrypicklogistics.com\/Web\/WP2022\/wp-content\/uploads\/2022\/10\/IMG_2431-1024x576.jpeg\" class=\"attachment-large size-large wp-image-2014\" alt=\"\" srcset=\"https:\/\/cherrypicklogistics.com\/Web\/WP2022\/wp-content\/uploads\/2022\/10\/IMG_2431-1024x576.jpeg 1024w, https:\/\/cherrypicklogistics.com\/Web\/WP2022\/wp-content\/uploads\/2022\/10\/IMG_2431-300x169.jpeg 300w, https:\/\/cherrypicklogistics.com\/Web\/WP2022\/wp-content\/uploads\/2022\/10\/IMG_2431-768x432.jpeg 768w, https:\/\/cherrypicklogistics.com\/Web\/WP2022\/wp-content\/uploads\/2022\/10\/IMG_2431-1536x864.jpeg 1536w, https:\/\/cherrypicklogistics.com\/Web\/WP2022\/wp-content\/uploads\/2022\/10\/IMG_2431-700x394.jpeg 700w, https:\/\/cherrypicklogistics.com\/Web\/WP2022\/wp-content\/uploads\/2022\/10\/IMG_2431-539x303.jpeg 539w, https:\/\/cherrypicklogistics.com\/Web\/WP2022\/wp-content\/uploads\/2022\/10\/IMG_2431.jpeg 2000w\" sizes=\"(max-width: 1024px) 100vw, 1024px\" \/>\t\t\t\t\t\t\t\t\t\t\t\t\t\t\t<\/div>\n\t\t\t\t<\/div>\n\t\t\t\t<div class=\"elementor-element elementor-element-e05e112 elementor-widget elementor-widget-text-editor\" data-id=\"e05e112\" data-element_type=\"widget\" data-e-type=\"widget\" data-widget_type=\"text-editor.default\">\n\t\t\t\t<div class=\"elementor-widget-container\">\n\t\t\t\t\t\t\t\t\t<h3>Address Details<\/h3><p>Cam\u00ed de Cal Font 5<br \/>Pol\u00edgono Industrial Lavern\u00f3<br \/>08739 Subirats (Barcelona)<br \/>Spain<\/p><p>+34 935 407 476<\/p>\t\t\t\t\t\t\t\t<\/div>\n\t\t\t\t<\/div>\n\t\t\t\t\t<\/div>\n\t\t<\/div>\n\t\t\t\t<div class=\"elementor-column elementor-col-50 elementor-top-column elementor-element elementor-element-99b2408\" data-id=\"99b2408\" data-element_type=\"column\" data-e-type=\"column\">\n\t\t\t<div class=\"elementor-widget-wrap elementor-element-populated\">\n\t\t\t\t\t\t<div class=\"elementor-element elementor-element-b12c8a0 elementor-widget elementor-widget-text-editor\" data-id=\"b12c8a0\" data-element_type=\"widget\" data-e-type=\"widget\" data-widget_type=\"text-editor.default\">\n\t\t\t\t<div class=\"elementor-widget-container\">\n\t\t\t\t\t\t\t\t\t<h2>Stay in Touch With Us<\/h2>\t\t\t\t\t\t\t\t<\/div>\n\t\t\t\t<\/div>\n\t\t\t\t<div class=\"elementor-element elementor-element-d951c48 elementor-widget-divider--view-line elementor-widget elementor-widget-divider\" data-id=\"d951c48\" data-element_type=\"widget\" data-e-type=\"widget\" data-widget_type=\"divider.default\">\n\t\t\t\t<div class=\"elementor-widget-container\">\n\t\t\t\t\t\t\t<div class=\"elementor-divider\">\n\t\t\t<span class=\"elementor-divider-separator\">\n\t\t\t\t\t\t<\/span>\n\t\t<\/div>\n\t\t\t\t\t\t<\/div>\n\t\t\t\t<\/div>\n\t\t\t\t<div class=\"elementor-element elementor-element-07bcd49 elementor-widget elementor-widget-bridge_cf_7\" data-id=\"07bcd49\" data-element_type=\"widget\" data-e-type=\"widget\" data-widget_type=\"bridge_cf_7.default\">\n\t\t\t\t<div class=\"elementor-widget-container\">\n\t\t\t\t\t    <div class=\"qode-contact-form-7 qode-contact-form-7-0\">\n    \n<div class=\"wpcf7 no-js\" id=\"wpcf7-f9-o1\" lang=\"es-ES\" dir=\"ltr\" data-wpcf7-id=\"9\">\n<div class=\"screen-reader-response\"><p role=\"status\" aria-live=\"polite\" aria-atomic=\"true\"><\/p> <ul><\/ul><\/div>\n<form action=\"\/Web\/WP2022\/wp-json\/wp\/v2\/pages\/594#wpcf7-f9-o1\" method=\"post\" class=\"wpcf7-form init cf7_custom_style_2\" aria-label=\"Formulario de contacto\" novalidate=\"novalidate\" data-status=\"init\">\n<fieldset class=\"hidden-fields-container\"><input type=\"hidden\" name=\"_wpcf7\" value=\"9\" \/><input type=\"hidden\" name=\"_wpcf7_version\" value=\"6.1.5\" \/><input type=\"hidden\" name=\"_wpcf7_locale\" value=\"es_ES\" \/><input type=\"hidden\" name=\"_wpcf7_unit_tag\" value=\"wpcf7-f9-o1\" \/><input type=\"hidden\" name=\"_wpcf7_container_post\" value=\"0\" \/><input type=\"hidden\" name=\"_wpcf7_posted_data_hash\" value=\"\" \/>\n<\/fieldset>\n<label> Your name\n    <span class=\"wpcf7-form-control-wrap\" data-name=\"your-name\"><input size=\"40\" maxlength=\"400\" class=\"wpcf7-form-control wpcf7-text wpcf7-validates-as-required\" aria-required=\"true\" aria-invalid=\"false\" value=\"\" type=\"text\" name=\"your-name\" \/><\/span> <\/label>\n\n<label> Your e-mail\n    <span class=\"wpcf7-form-control-wrap\" data-name=\"your-email\"><input size=\"40\" maxlength=\"400\" class=\"wpcf7-form-control wpcf7-email wpcf7-validates-as-required wpcf7-text wpcf7-validates-as-email\" aria-required=\"true\" aria-invalid=\"false\" value=\"\" type=\"email\" name=\"your-email\" \/><\/span> <\/label>\n\n<label> Subject\n    <span class=\"wpcf7-form-control-wrap\" data-name=\"your-subject\"><input size=\"40\" maxlength=\"400\" class=\"wpcf7-form-control wpcf7-text wpcf7-validates-as-required\" aria-required=\"true\" aria-invalid=\"false\" value=\"\" type=\"text\" name=\"your-subject\" \/><\/span> <\/label>\n\n<label> Your message\n    <span class=\"wpcf7-form-control-wrap\" data-name=\"your-message\"><textarea cols=\"40\" rows=\"10\" maxlength=\"2000\" class=\"wpcf7-form-control wpcf7-textarea\" aria-invalid=\"false\" name=\"your-message\"><\/textarea><\/span> <\/label>\n\n<span class=\"wpcf7-form-control-wrap\" data-name=\"acceptance-549\"><span class=\"wpcf7-form-control wpcf7-acceptance\"><span class=\"wpcf7-list-item\"><label><input type=\"checkbox\" name=\"acceptance-549\" value=\"1\" aria-invalid=\"false\" \/><span class=\"wpcf7-list-item-label\">Accept the treatment of my personal data to attend the request of information. <a href=\"https:\/\/cherrypicklogistics.com\/Web\/WP2022\/privacy-policy\/\">Privacy policy<\/a><\/span><\/label><\/span><\/span><\/span>\n<\/P>\n\n<input class=\"wpcf7-form-control wpcf7-submit has-spinner\" type=\"submit\" value=\"Send\" \/><p style=\"display: none !important;\" class=\"akismet-fields-container\" data-prefix=\"_wpcf7_ak_\"><label>&#916;<textarea name=\"_wpcf7_ak_hp_textarea\" cols=\"45\" rows=\"8\" maxlength=\"100\"><\/textarea><\/label><input type=\"hidden\" id=\"ak_js_1\" name=\"_wpcf7_ak_js\" value=\"52\"\/><script>document.getElementById( \"ak_js_1\" ).setAttribute( \"value\", ( new Date() ).getTime() );<\/script><\/p><div class=\"wpcf7-response-output\" aria-hidden=\"true\"><\/div>\n<\/form>\n<\/div>\n    <\/div>\n\t\t\t\t<\/div>\n\t\t\t\t<\/div>\n\t\t\t\t\t<\/div>\n\t\t<\/div>\n\t\t\t\t\t<\/div>\n\t\t<\/section>\n\t\t\t\t<\/div>\n\t\t","protected":false},"excerpt":{"rendered":"<p>Address Details Cam\u00ed de Cal Font 5Pol\u00edgono Industrial Lavern\u00f308739 Subirats (Barcelona)Spain +34 935 407 476 Stay in Touch With Us Your name Your e-mail Subject Your message (opcional) &#916;<\/p>\n","protected":false},"author":1,"featured_media":0,"parent":0,"menu_order":0,"comment_status":"closed","ping_status":"closed","template":"full_width.php","meta":{"footnotes":""},"class_list":["post-594","page","type-page","status-publish","hentry"],"_links":{"self":[{"href":"https:\/\/cherrypicklogistics.com\/Web\/WP2022\/wp-json\/wp\/v2\/pages\/594","targetHints":{"allow":["GET"]}}],"collection":[{"href":"https:\/\/cherrypicklogistics.com\/Web\/WP2022\/wp-json\/wp\/v2\/pages"}],"about":[{"href":"https:\/\/cherrypicklogistics.com\/Web\/WP2022\/wp-json\/wp\/v2\/types\/page"}],"author":[{"embeddable":true,"href":"https:\/\/cherrypicklogistics.com\/Web\/WP2022\/wp-json\/wp\/v2\/users\/1"}],"replies":[{"embeddable":true,"href":"https:\/\/cherrypicklogistics.com\/Web\/WP2022\/wp-json\/wp\/v2\/comments?post=594"}],"version-history":[{"count":45,"href":"https:\/\/cherrypicklogistics.com\/Web\/WP2022\/wp-json\/wp\/v2\/pages\/594\/revisions"}],"predecessor-version":[{"id":2208,"href":"https:\/\/cherrypicklogistics.com\/Web\/WP2022\/wp-json\/wp\/v2\/pages\/594\/revisions\/2208"}],"wp:attachment":[{"href":"https:\/\/cherrypicklogistics.com\/Web\/WP2022\/wp-json\/wp\/v2\/media?parent=594"}],"curies":[{"name":"wp","href":"https:\/\/api.w.org\/{rel}","templated":true}]}}